{"id":1052,"date":"2023-11-16T10:54:34","date_gmt":"2023-11-16T15:54:34","guid":{"rendered":"https:\/\/derakamandraka.com\/index.php\/product\/mermelada-de-pia-jengibre-350-g\/"},"modified":"2024-01-20T11:22:37","modified_gmt":"2024-01-20T16:22:37","slug":"mermelada-de-pia-jengibre-350-g","status":"publish","type":"product","link":"https:\/\/derakamandraka.com\/index.php\/product\/mermelada-de-pia-jengibre-350-g\/","title":{"rendered":"Mermelada de Pi\u00f1a Jengibre 350 g"},"content":{"rendered":"<p><strong>PI\u00d1A<\/strong><\/p>\n<p>Esta fruta tropical, es <strong>nuestra aliada para lograr un peso ideal.<\/strong> Por las vitaminas y minerales que contiene, la pi\u00f1a elimina el exceso de l\u00edquidos de nuestro cuerpo; da una sensaci\u00f3n de saciedad disminuyendo el apetito; reduce la inflamaci\u00f3n (especialmente del intestino); disminuye el dolor muscular de los atletas; y es afrodisiaca.<\/p>\n<p><strong>JENGIBRE<\/strong><\/p>\n<p>Esta planta arom\u00e1tica y que aporte un suave toque picante, es <strong>nuestra aliada para aumentar las defensas y el nivel de energ\u00eda.<\/strong> Por las vitaminas y minerales que contiene, el jengibre ayuda al organismo a combatir virus y bacterias; desinflama tejidos; nos vuelve m\u00e1s activos; acelera la capacidad de quemar grasas y procesar alimentos; aumenta el calor corporal; incrementa la l\u00edvido; y contribuye a una buena digesti\u00f3n.<\/p>\n","protected":false},"excerpt":{"rendered":"<p>PI\u00d1A Esta fruta tropical, es nuestra aliada para lograr un peso ideal. Por las vitaminas y minerales que contiene, la pi\u00f1a elimina el exceso de l\u00edquidos de nuestro cuerpo; da<\/p>\n","protected":false},"featured_media":31,"comment_status":"open","ping_status":"closed","template":"","meta":{"_monsterinsights_skip_tracking":false,"_monsterinsights_sitenote_active":false,"_monsterinsights_sitenote_note":"","_monsterinsights_sitenote_category":0},"product_brand":[],"product_cat":[19],"product_tag":[],"class_list":{"0":"post-1052","1":"product","2":"type-product","3":"status-publish","4":"has-post-thumbnail","6":"product_cat-alimentos","8":"first","9":"instock","10":"shipping-taxable","11":"purchasable","12":"product-type-simple"},"aioseo_notices":[],"jetpack_sharing_enabled":true,"_links":{"self":[{"href":"https:\/\/derakamandraka.com\/index.php\/wp-json\/wp\/v2\/product\/1052","targetHints":{"allow":["GET"]}}],"collection":[{"href":"https:\/\/derakamandraka.com\/index.php\/wp-json\/wp\/v2\/product"}],"about":[{"href":"https:\/\/derakamandraka.com\/index.php\/wp-json\/wp\/v2\/types\/product"}],"replies":[{"embeddable":true,"href":"https:\/\/derakamandraka.com\/index.php\/wp-json\/wp\/v2\/comments?post=1052"}],"version-history":[{"count":1,"href":"https:\/\/derakamandraka.com\/index.php\/wp-json\/wp\/v2\/product\/1052\/revisions"}],"predecessor-version":[{"id":1314,"href":"https:\/\/derakamandraka.com\/index.php\/wp-json\/wp\/v2\/product\/1052\/revisions\/1314"}],"wp:featuredmedia":[{"embeddable":true,"href":"https:\/\/derakamandraka.com\/index.php\/wp-json\/wp\/v2\/media\/31"}],"wp:attachment":[{"href":"https:\/\/derakamandraka.com\/index.php\/wp-json\/wp\/v2\/media?parent=1052"}],"wp:term":[{"taxonomy":"product_brand","embeddable":true,"href":"https:\/\/derakamandraka.com\/index.php\/wp-json\/wp\/v2\/product_brand?post=1052"},{"taxonomy":"product_cat","embeddable":true,"href":"https:\/\/derakamandraka.com\/index.php\/wp-json\/wp\/v2\/product_cat?post=1052"},{"taxonomy":"product_tag","embeddable":true,"href":"https:\/\/derakamandraka.com\/index.php\/wp-json\/wp\/v2\/product_tag?post=1052"}],"curies":[{"name":"wp","href":"https:\/\/api.w.org\/{rel}","templated":true}]}}