{"id":1045,"date":"2023-11-16T10:54:33","date_gmt":"2023-11-16T15:54:33","guid":{"rendered":"https:\/\/derakamandraka.com\/index.php\/product\/mermelada-de-durazno-350-g\/"},"modified":"2024-01-20T11:18:00","modified_gmt":"2024-01-20T16:18:00","slug":"mermelada-de-durazno-350-g","status":"publish","type":"product","link":"https:\/\/derakamandraka.com\/index.php\/product\/mermelada-de-durazno-350-g\/","title":{"rendered":"Mermelada de Durazno 350 g"},"content":{"rendered":"<p><strong>DURAZNO<\/strong><\/p>\n<p>Esta fruta de sabor dulce y delicado, es <strong>aliada de la actividad y la belleza.<\/strong> Por las vitaminas y minerales que contiene, el durazno combate el cansancio; ayuda a combatir los c\u00e1lculos renales; contribuye al crecimiento de cabello y u\u00f1as; mantiene la piel hidratada; controla la grasa y el az\u00facar en la sangre; y ayuda a lograr un bronceado espectacular.<\/p>\n","protected":false},"excerpt":{"rendered":"<p>DURAZNO Esta fruta de sabor dulce y delicado, es aliada de la actividad y la belleza. Por las vitaminas y minerales que contiene, el durazno combate el cansancio; ayuda a<\/p>\n","protected":false},"featured_media":24,"comment_status":"open","ping_status":"closed","template":"","meta":{"_monsterinsights_skip_tracking":false,"_monsterinsights_sitenote_active":false,"_monsterinsights_sitenote_note":"","_monsterinsights_sitenote_category":0},"product_brand":[],"product_cat":[19],"product_tag":[],"class_list":{"0":"post-1045","1":"product","2":"type-product","3":"status-publish","4":"has-post-thumbnail","6":"product_cat-alimentos","8":"first","9":"instock","10":"shipping-taxable","11":"purchasable","12":"product-type-simple"},"aioseo_notices":[],"jetpack_sharing_enabled":true,"_links":{"self":[{"href":"https:\/\/derakamandraka.com\/index.php\/wp-json\/wp\/v2\/product\/1045","targetHints":{"allow":["GET"]}}],"collection":[{"href":"https:\/\/derakamandraka.com\/index.php\/wp-json\/wp\/v2\/product"}],"about":[{"href":"https:\/\/derakamandraka.com\/index.php\/wp-json\/wp\/v2\/types\/product"}],"replies":[{"embeddable":true,"href":"https:\/\/derakamandraka.com\/index.php\/wp-json\/wp\/v2\/comments?post=1045"}],"version-history":[{"count":1,"href":"https:\/\/derakamandraka.com\/index.php\/wp-json\/wp\/v2\/product\/1045\/revisions"}],"predecessor-version":[{"id":1305,"href":"https:\/\/derakamandraka.com\/index.php\/wp-json\/wp\/v2\/product\/1045\/revisions\/1305"}],"wp:featuredmedia":[{"embeddable":true,"href":"https:\/\/derakamandraka.com\/index.php\/wp-json\/wp\/v2\/media\/24"}],"wp:attachment":[{"href":"https:\/\/derakamandraka.com\/index.php\/wp-json\/wp\/v2\/media?parent=1045"}],"wp:term":[{"taxonomy":"product_brand","embeddable":true,"href":"https:\/\/derakamandraka.com\/index.php\/wp-json\/wp\/v2\/product_brand?post=1045"},{"taxonomy":"product_cat","embeddable":true,"href":"https:\/\/derakamandraka.com\/index.php\/wp-json\/wp\/v2\/product_cat?post=1045"},{"taxonomy":"product_tag","embeddable":true,"href":"https:\/\/derakamandraka.com\/index.php\/wp-json\/wp\/v2\/product_tag?post=1045"}],"curies":[{"name":"wp","href":"https:\/\/api.w.org\/{rel}","templated":true}]}}