{"id":1043,"date":"2023-11-16T10:54:33","date_gmt":"2023-11-16T15:54:33","guid":{"rendered":"https:\/\/derakamandraka.com\/index.php\/product\/mermelada-de-agraz-350g\/"},"modified":"2024-01-20T11:18:00","modified_gmt":"2024-01-20T16:18:00","slug":"mermelada-de-agraz-350g","status":"publish","type":"product","link":"https:\/\/derakamandraka.com\/index.php\/product\/mermelada-de-agraz-350g\/","title":{"rendered":"Mermelada de Agraz 350g"},"content":{"rendered":"<p><strong>AGRAZ<\/strong><\/p>\n<p>Esta fruta ex\u00f3tica y de inigualable sabor, es <strong>nuestra aliada para mantenernos j\u00f3venes.<\/strong> Por las vitaminas y minerales que contiene, el agraz retrasa el deterioro f\u00edsico y mental; mejora la memoria; ayuda a combatir infecciones urinarias; mantiene la salud de los ojos; y facilita la nivelaci\u00f3n de az\u00facar en la sangre.<\/p>\n","protected":false},"excerpt":{"rendered":"<p>AGRAZ Esta fruta ex\u00f3tica y de inigualable sabor, es nuestra aliada para mantenernos j\u00f3venes. Por las vitaminas y minerales que contiene, el agraz retrasa el deterioro f\u00edsico y mental; mejora<\/p>\n","protected":false},"featured_media":25,"comment_status":"open","ping_status":"closed","template":"","meta":{"_monsterinsights_skip_tracking":false,"_monsterinsights_sitenote_active":false,"_monsterinsights_sitenote_note":"","_monsterinsights_sitenote_category":0},"product_brand":[],"product_cat":[19],"product_tag":[],"class_list":{"0":"post-1043","1":"product","2":"type-product","3":"status-publish","4":"has-post-thumbnail","6":"product_cat-alimentos","8":"first","9":"instock","10":"shipping-taxable","11":"purchasable","12":"product-type-simple"},"aioseo_notices":[],"jetpack_sharing_enabled":true,"_links":{"self":[{"href":"https:\/\/derakamandraka.com\/index.php\/wp-json\/wp\/v2\/product\/1043","targetHints":{"allow":["GET"]}}],"collection":[{"href":"https:\/\/derakamandraka.com\/index.php\/wp-json\/wp\/v2\/product"}],"about":[{"href":"https:\/\/derakamandraka.com\/index.php\/wp-json\/wp\/v2\/types\/product"}],"replies":[{"embeddable":true,"href":"https:\/\/derakamandraka.com\/index.php\/wp-json\/wp\/v2\/comments?post=1043"}],"version-history":[{"count":1,"href":"https:\/\/derakamandraka.com\/index.php\/wp-json\/wp\/v2\/product\/1043\/revisions"}],"predecessor-version":[{"id":1304,"href":"https:\/\/derakamandraka.com\/index.php\/wp-json\/wp\/v2\/product\/1043\/revisions\/1304"}],"wp:featuredmedia":[{"embeddable":true,"href":"https:\/\/derakamandraka.com\/index.php\/wp-json\/wp\/v2\/media\/25"}],"wp:attachment":[{"href":"https:\/\/derakamandraka.com\/index.php\/wp-json\/wp\/v2\/media?parent=1043"}],"wp:term":[{"taxonomy":"product_brand","embeddable":true,"href":"https:\/\/derakamandraka.com\/index.php\/wp-json\/wp\/v2\/product_brand?post=1043"},{"taxonomy":"product_cat","embeddable":true,"href":"https:\/\/derakamandraka.com\/index.php\/wp-json\/wp\/v2\/product_cat?post=1043"},{"taxonomy":"product_tag","embeddable":true,"href":"https:\/\/derakamandraka.com\/index.php\/wp-json\/wp\/v2\/product_tag?post=1043"}],"curies":[{"name":"wp","href":"https:\/\/api.w.org\/{rel}","templated":true}]}}